{"id":14,"date":"2025-09-15T14:20:14","date_gmt":"2025-09-15T14:20:14","guid":{"rendered":"https:\/\/dev.fehr-fair.ch\/?page_id=14"},"modified":"2026-01-11T19:30:12","modified_gmt":"2026-01-11T19:30:12","slug":"ueber-fehr-fair","status":"publish","type":"page","link":"https:\/\/dev.fehr-fair.ch\/?page_id=14","title":{"rendered":"\u00dcber Fehr fair"},"content":{"rendered":"\n<div class=\"wp-block-cover is-light\"><img loading=\"lazy\" decoding=\"async\" width=\"487\" height=\"487\" class=\"wp-block-cover__image-background wp-image-94 size-full\" alt=\"\" src=\"https:\/\/dev.fehr-fair.ch\/wp-content\/uploads\/2026\/01\/Fehr-fair_Logo.jpg\" data-object-fit=\"cover\" srcset=\"https:\/\/dev.fehr-fair.ch\/wp-content\/uploads\/2026\/01\/Fehr-fair_Logo.jpg 487w, https:\/\/dev.fehr-fair.ch\/wp-content\/uploads\/2026\/01\/Fehr-fair_Logo-300x300.jpg 300w, https:\/\/dev.fehr-fair.ch\/wp-content\/uploads\/2026\/01\/Fehr-fair_Logo-150x150.jpg 150w\" sizes=\"auto, (max-width: 487px) 100vw, 487px\" \/><span aria-hidden=\"true\" class=\"wp-block-cover__background has-background-dim-0 has-background-dim\" style=\"background-color:#dddedc\"><\/span><div class=\"wp-block-cover__inner-container has-global-padding is-layout-constrained wp-block-cover-is-layout-constrained\">\n<p class=\"has-text-align-center has-large-font-size\"><\/p>\n<\/div><\/div>\n\n\n\n<div style=\"height:20px\" aria-hidden=\"true\" class=\"wp-block-spacer\"><\/div>\n\n\n\n<p>Fehr fair versteht sich als Probleml\u00f6ser &#8211; dank einem bunten Rucksack aus Erfahrungen an den verschiedensten Fronten. Ordnung ins Chaos bringen, Bed\u00fcrfnisse verstehen, ausformulieren und darauf basierend echte L\u00f6sungen erarbeiten, Prozesse auseinandernehmen, Ver\u00e4nderungen begleiten und die Betroffenen mitnehmen, wertvolle Ressourcen freispielen &amp; mental load verringern.<br>Klar, strukturiert und mit dem Herzen f\u00fcr die Sache &#8211; so arbeitet Fehr fair projects.<\/p>\n\n\n\n<div style=\"height:20px\" aria-hidden=\"true\" class=\"wp-block-spacer\"><\/div>\n\n\n\n<p>Folgende Skills und Erfahrungen stellt Sarah Fehr ihren Kunden zur Verf\u00fcgung:<\/p>\n\n\n\n<div style=\"height:50px\" aria-hidden=\"true\" class=\"wp-block-spacer\"><\/div>\n\n\n\n<h2 class=\"wp-block-heading\">Soft skills<\/h2>\n\n\n\n<p class=\"has-text-align-center is-style-text-subtitle has-text-color has-link-color has-x-large-font-size wp-elements-89156c9d841333ca7dc9e735b865a134 is-style-text-subtitle--1\" style=\"color:#3d5a04\">vernetztes Denken &amp; schnelle Auffassungsgabe<\/p>\n\n\n\n<p class=\"has-text-align-center has-text-color has-link-color has-x-large-font-size wp-elements-1ffed0571c47cec74cc1f603c0ef8a81\" style=\"color:#3d5a04\">analytisches &amp; l\u00f6sungsorientiertes Arbeiten, verkn\u00fcpft mit dem n\u00f6tigen Einf\u00fchlungsverm\u00f6gen<\/p>\n\n\n\n<p class=\"has-text-align-center is-style-text-display has-text-color has-link-color has-x-large-font-size wp-elements-8a20f202311b707d4f48d8bec88e7a9a is-style-text-display--2\" style=\"color:#3d5a04\">ausgepr\u00e4gte, stufengerechte Kommunikationsf\u00e4higkeiten<\/p>\n\n\n\n<figure class=\"wp-block-image aligncenter size-full is-resized\"><img loading=\"lazy\" decoding=\"async\" width=\"697\" height=\"858\" src=\"https:\/\/dev.fehr-fair.ch\/wp-content\/uploads\/2025\/09\/IMG_4022.jpg\" alt=\"\" class=\"wp-image-19\" style=\"aspect-ratio:0.8123585555446227;width:384px;height:auto\" srcset=\"https:\/\/dev.fehr-fair.ch\/wp-content\/uploads\/2025\/09\/IMG_4022.jpg 697w, https:\/\/dev.fehr-fair.ch\/wp-content\/uploads\/2025\/09\/IMG_4022-244x300.jpg 244w\" sizes=\"auto, (max-width: 697px) 100vw, 697px\" \/><\/figure>\n\n\n\n<div style=\"height:50px\" aria-hidden=\"true\" class=\"wp-block-spacer\"><\/div>\n\n\n\n<h2 class=\"wp-block-heading\">Hard facts<\/h2>\n\n\n\n<p class=\"has-text-align-left\">06.2025: Weiterbildung &#8222;Professionelles Prozessmanagement&#8220;, zfu<\/p>\n\n\n\n<p class=\"has-text-align-left\">12.2023: Certified Project Management Associate IPMA Level D, vzpm<\/p>\n\n\n\n<p class=\"has-text-align-left\">10.2023: IPMA Level D Zertifizierungsvorbereitung, ZHAW<\/p>\n\n\n\n<p class=\"has-text-align-left\">04.2023: Abschluss zur Fachperson Tierschutz, kompanima<\/p>\n\n\n\n<p class=\"has-text-align-left\">09.2020: Zertifizierung AbaProject Anwender &amp; Controlling, Abacus<\/p>\n\n\n\n<p class=\"has-text-align-left\">07.2019: Tierpfleger EFZ, Fachrichtung Heimtiere<\/p>\n\n\n\n<p class=\"has-text-align-left\">09.2016: Basics in Fundraising Management, ZHAW<\/p>\n\n\n\n<p class=\"has-text-align-left\">05.2016: TEFL Certificate (Teaching English as a Foreign Language), South Africa<\/p>\n\n\n\n<p class=\"has-text-align-left\">12.2009: Cambridge First &amp; Advanced Certificate<\/p>\n\n\n\n<p class=\"has-text-align-left\">07.2006: Kaufm\u00e4nnische Berufsmaturit\u00e4t<\/p>\n\n\n\n<p class=\"has-text-align-left\">07.2005: Kauffrau erweiterte Grundbildung<\/p>\n\n\n\n<p class=\"has-text-align-left\">03.2005: Cambridge Business English Certificate<\/p>\n\n\n\n<div style=\"height:40px\" aria-hidden=\"true\" class=\"wp-block-spacer\"><\/div>\n\n\n\n<h2 class=\"wp-block-heading\">Erfahrungen<\/h2>\n\n\n\n<h3 class=\"wp-block-heading\">Erste Kundenprojekte<\/h3>\n\n\n\n<p>aktuell: Initialisierung &#8222;Optimierung PM-Prozess &amp; Einf\u00fchrung Jira&#8220; bei einer Stadtverwaltung<\/p>\n\n\n\n<p>12.2025: Kurs &#8222;Projektmanagement 101&#8220; f\u00fcr die Susy Utzinger Stiftung f\u00fcr Tierschutz<\/p>\n\n\n\n<div style=\"height:20px\" aria-hidden=\"true\" class=\"wp-block-spacer\"><\/div>\n\n\n\n<h3 class=\"wp-block-heading\">Projektleitungen<\/h3>\n\n\n\n<ul class=\"wp-block-list\">\n<li>Entwicklung und Einf\u00fchrung der Tierheimverwaltungssoftware TIGON, Tierheim Pf\u00f6tli<\/li>\n\n\n\n<li>Fundraising, Projekt- und Einsatzleitung f\u00fcr das Bildungsprojekt &#8222;Waldbr\u00e4nde mit Wissen bek\u00e4mpfen&#8220;, Animalma \/ Bolivien<\/li>\n\n\n\n<li>Bauprojekt &#8222;Vergr\u00f6sserung Absonderungsstation Kleintiere&#8220;, Tierheim Pf\u00f6tli<\/li>\n\n\n\n<li>Event-Projekt &#8222;Tage der offenen T\u00fcre&#8220;, Stiftung Tierrettungsdienst<\/li>\n\n\n\n<li>Organisation und Leitung Freiwilligenreise nach Bolivien<\/li>\n\n\n\n<li>Change-Projekt Evaluation und Bezug zweiter Unternehmensstandort, Stiftung Tierrettungsdienst<\/li>\n\n\n\n<li>Diverse Fundraising-Kampagnen f\u00fcr das Tierreservat Senda Verde, Animalma \/ Bolivien<\/li>\n\n\n\n<li>Bauprojekt &#8222;Mehrzweckstall f\u00fcr Nutztiere&#8220;, Tierheim Pf\u00f6tli<\/li>\n\n\n\n<li>Aufbau und Leitung des Tier- und Naturschutzvereins Animalma<\/li>\n<\/ul>\n\n\n\n<div style=\"height:20px\" aria-hidden=\"true\" class=\"wp-block-spacer\"><\/div>\n\n\n\n<h3 class=\"wp-block-heading\">Projektarbeiten<\/h3>\n\n\n\n<ul class=\"wp-block-list\">\n<li>Revisionsprojekt &#8222;Fachfrau \/ Fachmann Natur und Umwelt&#8220;: Mitglied der erweiterten Kerngruppe, Fachrichtung Tierschutz<\/li>\n\n\n\n<li>Requirements Engineering &amp; Test Management f\u00fcr diverse, webbasierte Banking-Projekte der Inventage AG<\/li>\n\n\n\n<li>Test Management und Release-Planung f\u00fcr das Redesign-Projekt &#8222;Homegate 5.0&#8220;<\/li>\n\n\n\n<li>Requirements Engineering &amp; Testing f\u00fcr verschiedene Marketplaces wie piazza.ch, jobwinner.ch &amp; alpha.ch<\/li>\n<\/ul>\n\n\n\n<div style=\"height:20px\" aria-hidden=\"true\" class=\"wp-block-spacer\"><\/div>\n\n\n\n<h3 class=\"wp-block-heading\">Projektunterst\u00fctzungen<\/h3>\n\n\n\n<ul class=\"wp-block-list\">\n<li>Digitalisierung 24\/7-Notrufzentrale des Tierrettungsdienstes<\/li>\n\n\n\n<li>Ausbildungen FBA Tiertransport und TierTransportSanit\u00e4ter:in<\/li>\n<\/ul>\n\n\n\n<div style=\"height:20px\" aria-hidden=\"true\" class=\"wp-block-spacer\"><\/div>\n\n\n\n<h3 class=\"wp-block-heading\">PMO<\/h3>\n\n\n\n<ul class=\"wp-block-list\">\n<li>Aufbau eines Projekt Management Offices f\u00fcr die Stiftung Tierrettungsdienst<\/li>\n\n\n\n<li>Einf\u00fchren eines einheitlichen Projektmanagement-Standards nach HERMES 5.1<\/li>\n\n\n\n<li>Portfolio-Management<\/li>\n\n\n\n<li>Aufsetzen und Einf\u00fchren von Jira &amp; Confluence<\/li>\n<\/ul>\n\n\n\n<p><\/p>\n","protected":false},"excerpt":{"rendered":"<p>Fehr fair versteht sich als Probleml\u00f6ser &#8211; dank einem bunten Rucksack aus Erfahrungen an den verschiedensten Fronten. Ordnung ins Chaos bringen, Bed\u00fcrfnisse verstehen, ausformulieren und darauf basierend echte L\u00f6sungen erarbeiten, Prozesse auseinandernehmen, Ver\u00e4nderungen begleiten und die Betroffenen mitnehmen, wertvolle Ressourcen freispielen &amp; mental load verringern.Klar, strukturiert und mit dem Herzen f\u00fcr die Sache &#8211; so [&hellip;]<\/p>\n","protected":false},"author":1,"featured_media":0,"parent":0,"menu_order":0,"comment_status":"closed","ping_status":"closed","template":"","meta":{"footnotes":""},"class_list":["post-14","page","type-page","status-publish","hentry"],"_links":{"self":[{"href":"https:\/\/dev.fehr-fair.ch\/index.php?rest_route=\/wp\/v2\/pages\/14","targetHints":{"allow":["GET"]}}],"collection":[{"href":"https:\/\/dev.fehr-fair.ch\/index.php?rest_route=\/wp\/v2\/pages"}],"about":[{"href":"https:\/\/dev.fehr-fair.ch\/index.php?rest_route=\/wp\/v2\/types\/page"}],"author":[{"embeddable":true,"href":"https:\/\/dev.fehr-fair.ch\/index.php?rest_route=\/wp\/v2\/users\/1"}],"replies":[{"embeddable":true,"href":"https:\/\/dev.fehr-fair.ch\/index.php?rest_route=%2Fwp%2Fv2%2Fcomments&post=14"}],"version-history":[{"count":34,"href":"https:\/\/dev.fehr-fair.ch\/index.php?rest_route=\/wp\/v2\/pages\/14\/revisions"}],"predecessor-version":[{"id":101,"href":"https:\/\/dev.fehr-fair.ch\/index.php?rest_route=\/wp\/v2\/pages\/14\/revisions\/101"}],"wp:attachment":[{"href":"https:\/\/dev.fehr-fair.ch\/index.php?rest_route=%2Fwp%2Fv2%2Fmedia&parent=14"}],"curies":[{"name":"wp","href":"https:\/\/api.w.org\/{rel}","templated":true}]}}