{"id":11,"date":"2025-09-15T14:19:47","date_gmt":"2025-09-15T14:19:47","guid":{"rendered":"https:\/\/dev.fehr-fair.ch\/?page_id=11"},"modified":"2026-01-11T15:43:53","modified_gmt":"2026-01-11T15:43:53","slug":"dienstleistungen","status":"publish","type":"page","link":"https:\/\/dev.fehr-fair.ch\/?page_id=11","title":{"rendered":"Angebot"},"content":{"rendered":"\n<div class=\"wp-block-cover\"><img loading=\"lazy\" decoding=\"async\" width=\"1024\" height=\"683\" class=\"wp-block-cover__image-background wp-image-86\" alt=\"\" src=\"https:\/\/dev.fehr-fair.ch\/wp-content\/uploads\/2026\/01\/Fehr-fair-projects_Offer_Stock-photo-1024x683.jpg\" data-object-fit=\"cover\" srcset=\"https:\/\/dev.fehr-fair.ch\/wp-content\/uploads\/2026\/01\/Fehr-fair-projects_Offer_Stock-photo-1024x683.jpg 1024w, https:\/\/dev.fehr-fair.ch\/wp-content\/uploads\/2026\/01\/Fehr-fair-projects_Offer_Stock-photo-300x200.jpg 300w, https:\/\/dev.fehr-fair.ch\/wp-content\/uploads\/2026\/01\/Fehr-fair-projects_Offer_Stock-photo-768x512.jpg 768w, https:\/\/dev.fehr-fair.ch\/wp-content\/uploads\/2026\/01\/Fehr-fair-projects_Offer_Stock-photo-1536x1024.jpg 1536w, https:\/\/dev.fehr-fair.ch\/wp-content\/uploads\/2026\/01\/Fehr-fair-projects_Offer_Stock-photo-2048x1365.jpg 2048w\" sizes=\"auto, (max-width: 1024px) 100vw, 1024px\" \/><span aria-hidden=\"true\" class=\"wp-block-cover__background has-background-dim-20 has-background-dim\"><\/span><div class=\"wp-block-cover__inner-container is-layout-flow wp-block-cover-is-layout-flow\">\n<p class=\"has-text-align-center has-large-font-size\"><\/p>\n<\/div><\/div>\n\n\n\n<div style=\"height:20px\" aria-hidden=\"true\" class=\"wp-block-spacer\"><\/div>\n\n\n\n<p>Fehr fair projects bietet Dienstleistungen und Beratungen in<\/p>\n\n\n\n<ul class=\"wp-block-list\">\n<li><strong>Projektmanagement<\/strong>: Projektleitungen &amp; -administration, Setup von neuen oder Optimierung von bestehenden PMO&#8217;s, auf Unternehmen zugeschnittene PM-Kurse<\/li>\n\n\n\n<li><strong>Prozessmanagement<\/strong>: Analyse und Optimierungen von Gesch\u00e4ftsprozessen \u2013 mit Prozessanpassungen per se sowie durch Unterst\u00fctzung digitaler Tools (Office 365, Jira &amp; Confluence oder kundenspezifische L\u00f6sungen)<\/li>\n\n\n\n<li><strong>Administration<\/strong>: alles was das Admin-Herz braucht; von A wie Ablage strukturieren zu Z wie Zeitersparnis dank einheitlichen, schlanken und digitalen Abl\u00e4ufen und Vorlagen.<\/li>\n\n\n\n<li><strong>Business Analyse &amp; Requirements Engineering<\/strong>: saubere L\u00f6sungen dank sauberen Anforderungen. Von der Bedarfsanalyse \u00fcber Grobanforderungen bis hin zu Detailspezifikationen, Betriebskonzepten, Schulungsunterlagen und Dokumentationen.<\/li>\n\n\n\n<li><strong>Software Testing<\/strong>: Testkonzepte, Verfassen von Test Cases, minuti\u00f6ses manuelles Testing und bug reporting auf 1st and 2nd level-Stufe<\/li>\n\n\n\n<li><strong>Schnittstelle Business \u2013 IT<\/strong>: Welten verbinden, dank tiefem Kundenverst\u00e4ndnis und hoher technischer Affinit\u00e4t. Von Business zu IT und zur\u00fcck \u00fcbersetze ich, schlage wertvolle Br\u00fccken und bringe Projekte und Business Units zum Erfolg.<\/li>\n<\/ul>\n\n\n\n<p class=\"has-text-align-center\">Kontaktieren Sie mich &#8211; f\u00fcr faire und erfolgreiche Changes.<\/p>\n\n\n\n<p class=\"has-text-align-center has-text-color has-link-color wp-elements-13078dad66947f30502b856454befb55\" style=\"color:#3d5a04\"><a href=\"mailto:sarah@fehr-fair.ch\">sarah@fehr-fair.ch<\/a><\/p>\n\n\n\n<p><\/p>\n","protected":false},"excerpt":{"rendered":"<p>Fehr fair projects bietet Dienstleistungen und Beratungen in Kontaktieren Sie mich &#8211; f\u00fcr faire und erfolgreiche Changes. sarah@fehr-fair.ch<\/p>\n","protected":false},"author":1,"featured_media":0,"parent":0,"menu_order":0,"comment_status":"closed","ping_status":"closed","template":"","meta":{"footnotes":""},"class_list":["post-11","page","type-page","status-publish","hentry"],"_links":{"self":[{"href":"https:\/\/dev.fehr-fair.ch\/index.php?rest_route=\/wp\/v2\/pages\/11","targetHints":{"allow":["GET"]}}],"collection":[{"href":"https:\/\/dev.fehr-fair.ch\/index.php?rest_route=\/wp\/v2\/pages"}],"about":[{"href":"https:\/\/dev.fehr-fair.ch\/index.php?rest_route=\/wp\/v2\/types\/page"}],"author":[{"embeddable":true,"href":"https:\/\/dev.fehr-fair.ch\/index.php?rest_route=\/wp\/v2\/users\/1"}],"replies":[{"embeddable":true,"href":"https:\/\/dev.fehr-fair.ch\/index.php?rest_route=%2Fwp%2Fv2%2Fcomments&post=11"}],"version-history":[{"count":13,"href":"https:\/\/dev.fehr-fair.ch\/index.php?rest_route=\/wp\/v2\/pages\/11\/revisions"}],"predecessor-version":[{"id":89,"href":"https:\/\/dev.fehr-fair.ch\/index.php?rest_route=\/wp\/v2\/pages\/11\/revisions\/89"}],"wp:attachment":[{"href":"https:\/\/dev.fehr-fair.ch\/index.php?rest_route=%2Fwp%2Fv2%2Fmedia&parent=11"}],"curies":[{"name":"wp","href":"https:\/\/api.w.org\/{rel}","templated":true}]}}